{"id":1299,"date":"2018-04-29T20:51:04","date_gmt":"2018-04-29T18:51:04","guid":{"rendered":"http:\/\/anglerverein-pfreimd.de\/wordpress\/?page_id=1299"},"modified":"2025-03-29T23:07:35","modified_gmt":"2025-03-29T22:07:35","slug":"download","status":"publish","type":"page","link":"https:\/\/anglerverein-pfreimd.de\/wordpress\/?page_id=1299","title":{"rendered":"Downloads"},"content":{"rendered":"<p>Linkliste:<\/p>\n<ul>\n<li><a href=\"https:\/\/anglerverein-pfreimd.de\/wordpress\/wp-content\/uploads\/2019\/01\/Datenschutz-AV-Pfreimd.pdf\" target=\"_blank\" rel=\"noopener\">Datenschutz AV Pfreimd<\/a><\/li>\n<li><a href=\"https:\/\/anglerverein-pfreimd.de\/wordpress\/wp-content\/uploads\/2025\/03\/Beitrittserklaerung-mit-Datenschutz-2025.pdf\" target=\"_blank\" rel=\"noopener\">Beitrittserkl\u00e4rung<\/a><\/li>\n<li><a href=\"https:\/\/anglerverein-pfreimd.de\/wordpress\/wp-content\/uploads\/2018\/06\/Informationspflichten_Art_13_14_DSGVO-2.pdf\" target=\"_blank\" rel=\"noopener\">Informationspflichten Art 13 14 DSGVO<\/a><\/li>\n<\/ul>\n<p>Die Beitrittserkl\u00e4rung kann mit den meisten aktuellen PDF Viewern ausgef\u00fcllt werden. Dazu einfach in das erste Feld klicken und anschlie\u00dfend mit der &#8222;TAB&#8220; Taste die einzelnen Felder ansteuern und ausf\u00fcllen. Die Daten k\u00f6nnen im Formular gespeichert werden.<\/p>\n\n\n<p><\/p>\n","protected":false},"excerpt":{"rendered":"<p>Linkliste: Datenschutz AV Pfreimd Beitrittserkl\u00e4rung Informationspflichten Art 13 14 DSGVO Die Beitrittserkl\u00e4rung kann mit den meisten aktuellen PDF Viewern ausgef\u00fcllt werden. Dazu einfach in das erste Feld klicken und anschlie\u00dfend mit der &#8222;TAB&#8220; Taste die einzelnen Felder ansteuern und ausf\u00fcllen. Die Daten k\u00f6nnen im Formular gespeichert werden.<\/p>\n","protected":false},"author":7,"featured_media":0,"parent":0,"menu_order":0,"comment_status":"closed","ping_status":"closed","template":"","meta":{"footnotes":""},"class_list":["post-1299","page","type-page","status-publish","hentry"],"_links":{"self":[{"href":"https:\/\/anglerverein-pfreimd.de\/wordpress\/index.php?rest_route=\/wp\/v2\/pages\/1299","targetHints":{"allow":["GET"]}}],"collection":[{"href":"https:\/\/anglerverein-pfreimd.de\/wordpress\/index.php?rest_route=\/wp\/v2\/pages"}],"about":[{"href":"https:\/\/anglerverein-pfreimd.de\/wordpress\/index.php?rest_route=\/wp\/v2\/types\/page"}],"author":[{"embeddable":true,"href":"https:\/\/anglerverein-pfreimd.de\/wordpress\/index.php?rest_route=\/wp\/v2\/users\/7"}],"replies":[{"embeddable":true,"href":"https:\/\/anglerverein-pfreimd.de\/wordpress\/index.php?rest_route=%2Fwp%2Fv2%2Fcomments&post=1299"}],"version-history":[{"count":12,"href":"https:\/\/anglerverein-pfreimd.de\/wordpress\/index.php?rest_route=\/wp\/v2\/pages\/1299\/revisions"}],"predecessor-version":[{"id":2072,"href":"https:\/\/anglerverein-pfreimd.de\/wordpress\/index.php?rest_route=\/wp\/v2\/pages\/1299\/revisions\/2072"}],"wp:attachment":[{"href":"https:\/\/anglerverein-pfreimd.de\/wordpress\/index.php?rest_route=%2Fwp%2Fv2%2Fmedia&parent=1299"}],"curies":[{"name":"wp","href":"https:\/\/api.w.org\/{rel}","templated":true}]}}