{"id":18,"date":"2014-09-08T16:13:24","date_gmt":"2014-09-08T16:13:24","guid":{"rendered":"http:\/\/anglerverein-pfreimd.de\/wordpress\/?page_id=18"},"modified":"2025-09-30T21:44:42","modified_gmt":"2025-09-30T19:44:42","slug":"aktuelles","status":"publish","type":"page","link":"https:\/\/anglerverein-pfreimd.de\/wordpress\/","title":{"rendered":"Aktuelles"},"content":{"rendered":"<h3 style=\"text-align: left;\">Raubfischangeln am 11. Oktober 2025<\/h3>\n<p class=\"cvGsUA direction-ltr align-start para-style-body\" style=\"text-align: left;\"><span class=\"OYPEnA text-decoration-none text-strikethrough-none\">Berechtigt ist jeder Angler, der im Besitz eines g\u00fcltigen staatl. <\/span><span class=\"OYPEnA text-decoration-none text-strikethrough-none\">Fischereischeines ist.<\/span><\/p>\n<p style=\"text-align: left;\">\n<strong>Startkartenausgabe: <\/strong>:12:00 -12:30 am Vereinsheim in Iffelsdorf<br>\n<strong>Fischen:\u00a0<\/strong>13:00 Uhr &#8211; 17:00 Uhr<br>\n<strong>Abwiegen: <\/strong>17:30 Uhr \u2013 18:00 Uhr am Vereinsheim<br>\n<strong>Im Anschluss:<\/strong> Verwertung der F\u00e4nge<\/p>\n<p style=\"text-align: left;\">Jeder F\u00e4nger ist f\u00fcr die Verwertung seines Fanges verantwortlich.<\/p>\n\n\n<hr \/>\n\n<a href=\"https:\/\/anglerverein-pfreimd.de\/wordpress\/wp-content\/uploads\/2025\/08\/20250804-plakat-fischerfest-2025-a3.png\"><img loading=\"lazy\" decoding=\"async\" class=\"alignnone wp-image-2099 size-large\" src=\"https:\/\/anglerverein-pfreimd.de\/wordpress\/wp-content\/uploads\/2025\/08\/20250804-plakat-fischerfest-2025-a3-724x1024.png\" alt=\"\" width=\"474\" height=\"670\" srcset=\"https:\/\/anglerverein-pfreimd.de\/wordpress\/wp-content\/uploads\/2025\/08\/20250804-plakat-fischerfest-2025-a3-724x1024.png 724w, https:\/\/anglerverein-pfreimd.de\/wordpress\/wp-content\/uploads\/2025\/08\/20250804-plakat-fischerfest-2025-a3-212x300.png 212w, https:\/\/anglerverein-pfreimd.de\/wordpress\/wp-content\/uploads\/2025\/08\/20250804-plakat-fischerfest-2025-a3-768x1086.png 768w, https:\/\/anglerverein-pfreimd.de\/wordpress\/wp-content\/uploads\/2025\/08\/20250804-plakat-fischerfest-2025-a3-1086x1536.png 1086w, https:\/\/anglerverein-pfreimd.de\/wordpress\/wp-content\/uploads\/2025\/08\/20250804-plakat-fischerfest-2025-a3.png 1414w\" sizes=\"auto, (max-width: 474px) 100vw, 474px\" \/><\/a>\n\n<hr \/>\n\n<h3 style=\"text-align: left;\">43. Stadtmeisterschaft mit K\u00f6nigsfischen\nam 03. August 2025<\/h3>\n<p class=\"cvGsUA direction-ltr align-start para-style-body\" style=\"text-align: left;\"><span class=\"OYPEnA text-decoration-none text-strikethrough-none\">Berechtigt ist jeder Angler, der im Besitz eines g\u00fcltigen staatl. <\/span><span class=\"OYPEnA text-decoration-none text-strikethrough-none\">Fischereischeines ist.<\/span><\/p>\n<p style=\"text-align: left;\"><strong>Startkartenausgabe:\u00a0<\/strong>05:15 &#8211; 05:30 am Vereinsheim in Iffelsdorf\n<strong>Fischen:\u00a0<\/strong>06:00 Uhr &#8211; 10:30 Uhr<strong>\nAbwiegen: <\/strong><span class=\"OYPEnA text-decoration-none text-strikethrough-none\">10:45 Uhr \u2013 11:00 Uhr am Vereinsheim\n<strong>Fr\u00fchschoppen:<\/strong> ab 10:00 Uhr im Vereinsheim<\/span><\/p>\n<p style=\"text-align: left;\">Anschlie\u00dfend Verwertung der F\u00e4nge.\nJeder F\u00e4nger ist f\u00fcr die Verwertung seines Fanges verantwortlich.<\/p>\n\n\n<hr \/>\n\n<h3 style=\"text-align: center;\">Wallerfischen vom 13. \u2013 15.06.2025<\/h3>\n<p class=\"cvGsUA direction-ltr align-start para-style-body\" style=\"text-align: center;\"><span class=\"OYPEnA text-decoration-none text-strikethrough-none\">Berechtigt ist jeder Angler, der im Besitz eines g\u00fcltigen <\/span><span class=\"OYPEnA text-decoration-none text-strikethrough-none\">Fischereischeines ist.<\/span><\/p>\n<p style=\"text-align: center;\"><strong>Startkartenausgabe:\n<\/strong><span class=\"OYPEnA text-decoration-none text-strikethrough-none\">13. Juni von 17:00 \u2013 17:30 Uhr am Vereinsheim in Iffelsdorf\n<\/span><span class=\"OYPEnA text-decoration-none text-strikethrough-none\">14. Juni von 17:00 \u2013 17:30 Uhr am Vereinsheim in Iffelsdorf<\/span><\/p>\n<p style=\"text-align: center;\"><strong>Fischen: <\/strong><span class=\"OYPEnA text-decoration-none text-strikethrough-none\">13.06. ab 19:00 Uhr bis 15.06. um 07:00 Uhr<\/span><strong>\nAbwiegen: <\/strong><span class=\"OYPEnA text-decoration-none text-strikethrough-none\">15.06. von 08:00 Uhr \u2013 09:00 Uhr am Vereinsheim\n<\/span><\/p>\n<p style=\"text-align: center;\">Die Teilnahme ist auch an nur 1 oder 2 Tagen m\u00f6glich.<\/p>\n\n\n<hr \/>\n\n<h3>Ged\u00e4chtnisfischen am Donnerstag, 01.05.2025<\/h3>\n<ul>\n \t<li>Kartenausgabe von 06:00 &#8211; 06:15 Uhr am Vereinsheim<\/li>\n \t<li>Dauer: 06:30 &#8211; 10:30 Uhr<\/li>\n<\/ul>\nIm Anschluss Abwiegen und Verwerten der F\u00e4nge.\n\n<strong>Stammtisch im Vereinsheim am 09.05.2025<\/strong> mit Siegerehrung des Ged\u00e4chtnisfischens. Beginn 19:00 Uhr.\n\nWir freuen uns auf eine zahlreiche Teilnahme.\n\n<hr \/>\n\n<h3>Angelkarten online kaufen bei hejfish<\/h3>\nEinfacher geht&#8217;s nicht: Tageskarten f\u00fcr unsere Gew\u00e4sser\u00a0<strong>Kiesweiher in Perschen<\/strong> und\u00a0<strong>Naab mit Altwasser<\/strong> sind ab sofort 24\/7 auch online bei hejfish erh\u00e4ltlich.\n\n<strong>Auf das Bild klicken. Registrieren. Bezahlen. Email erhalten. Komm ans Wasser.<\/strong>\n\n<a href=\"https:\/\/www.hejfish.com\/m\/anglerverein-pfreimd-e-v-2221\"><img loading=\"lazy\" decoding=\"async\" class=\"alignnone size-medium wp-image-2056\" src=\"https:\/\/anglerverein-pfreimd.de\/wordpress\/wp-content\/uploads\/2025\/03\/hejfish-angelkarten-online-kaufen-2-300x225.jpeg\" alt=\"\" width=\"300\" height=\"225\" srcset=\"https:\/\/anglerverein-pfreimd.de\/wordpress\/wp-content\/uploads\/2025\/03\/hejfish-angelkarten-online-kaufen-2-300x225.jpeg 300w, https:\/\/anglerverein-pfreimd.de\/wordpress\/wp-content\/uploads\/2025\/03\/hejfish-angelkarten-online-kaufen-2.jpeg 358w\" sizes=\"auto, (max-width: 300px) 100vw, 300px\" \/><\/a>\n\n<hr \/>\n\n<h3>Anfischen am Samstag, 12.04.2025<\/h3>\n<ul>\n \t<li>Kartenausgabe von 13:30 &#8211; 13:45 Uhr am Vereinsheim<\/li>\n \t<li>Dauer: 14:00 &#8211; 17:30 Uhr<\/li>\n<\/ul>\nIm Anschluss Abwiegen und Verwerten der F\u00e4nge.\n\n<strong>Stammtisch im Vereinsheim am 25.04.2025<\/strong> mit Siegerehrung des Anfischens. Beginn 19:00 Uhr.\n\nWir freuen uns auf eine zahlreiche Teilnahme.\n\n<hr \/>\n\n<h3>Uferreinigung am 22.03.2025<\/h3>\nAuch dieses Jahr wollen wir unser Vereinsgew\u00e4sser f\u00fcr die neue Angelsaison s\u00e4ubern und von Unrat befreien.\n\nHierf\u00fcr treffen wir uns am <strong>Samstag, den 22.03.2025 um 08:00 Uhr am Vereinsheim in Iffelsdorf.<\/strong> Nat\u00fcrlich gibt es im Anschluss eine Brotzeit f\u00fcr alle flei\u00dfigen Helfer.\n\n\u00dcber eine zahlreiche Teilnahme w\u00fcrden wir uns sehr freuen.\n\n<hr \/>\n\n<h3 style=\"text-align: center;\"><a href=\"https:\/\/anglerverein-pfreimd.de\/wordpress\/wp-content\/uploads\/2024\/02\/Aschermittwoch_24.jpeg\"><img loading=\"lazy\" decoding=\"async\" class=\"aligncenter wp-image-1989 size-large\" src=\"https:\/\/anglerverein-pfreimd.de\/wordpress\/wp-content\/uploads\/2024\/02\/Aschermittwoch_24-576x1024.jpeg\" alt=\"\" width=\"474\" height=\"843\" srcset=\"https:\/\/anglerverein-pfreimd.de\/wordpress\/wp-content\/uploads\/2024\/02\/Aschermittwoch_24-576x1024.jpeg 576w, https:\/\/anglerverein-pfreimd.de\/wordpress\/wp-content\/uploads\/2024\/02\/Aschermittwoch_24-169x300.jpeg 169w, https:\/\/anglerverein-pfreimd.de\/wordpress\/wp-content\/uploads\/2024\/02\/Aschermittwoch_24-768x1365.jpeg 768w, https:\/\/anglerverein-pfreimd.de\/wordpress\/wp-content\/uploads\/2024\/02\/Aschermittwoch_24-864x1536.jpeg 864w, https:\/\/anglerverein-pfreimd.de\/wordpress\/wp-content\/uploads\/2024\/02\/Aschermittwoch_24.jpeg 900w\" sizes=\"auto, (max-width: 474px) 100vw, 474px\" \/><\/a><\/h3>\n\n<hr \/>\n\nWir laden alle Mitglieder herzlich ein zur anstehenden <strong>Jahreshauptversammlung am 25. Januar 2025 um 19:00 im Gasthaus Herdegen in Untersteinbach<\/strong>.\n\n<!-- \/wp:post-content -->\n\n<!-- wp:paragraph -->\n\nSchriftliche Antr\u00e4ge k\u00f6nnen bis sp\u00e4testens 11. Januar 2025 von der Vorstandschaft angenommen werden.\n\n<!-- \/wp:paragraph -->\n\n<!-- wp:paragraph -->\n\nWir bitten darum, die Fanglisten und nicht ben\u00f6tigte Marken f\u00fcr die Reusen an der Jahreshauptversammlung abzugeben. F\u00fcr den Erwerb eines Jahres- oder 30-Tages-Erlaubnisscheins ist zus\u00e4tzlich der Nachweis \u00fcber die geleisteten Arbeitseins\u00e4tze im Vereinsjahr 2024 vorzulegen.\n\n<!-- \/wp:paragraph -->\n\n<!-- wp:paragraph -->\n\n<strong>Tagesordnung:<\/strong>\n\n<!-- \/wp:paragraph -->\n\n<!-- wp:paragraph -->\n\n1. Er\u00f6ffnung und Begr\u00fc\u00dfung\n2. Totengedenken\n3. Verlesung des Protokolls der letzten Jahreshauptversammlung\n4. Jahresbericht des 1. Vorstands\n5. Bericht des Jugendwarts\n6. Bericht des Gew\u00e4sserwarts\n7. Finanzbericht des Kassiers\n8. Pr\u00fcfbericht der Kassenrevisoren mit Antrag auf Entlastung der Vorstandschaft\n9. Gru\u00dfworte des B\u00fcrgermeisters\n10. Behandlung eingereichter Antr\u00e4ge\n11. W\u00fcnsche und Anregungen\n12. Schlusswort der Vorstandschaft\n\n<!-- \/wp:paragraph -->\n\n<!-- wp:paragraph -->\n\nAuf Euer Kommen freut sich die Vorstandschaft\n\n<!-- \/wp:paragraph -->\n\n<hr \/>\n\n<!-- wp:paragraph -->\n\n<!-- \/wp:paragraph -->\n\n<!-- wp:image {\"id\":2024,\"width\":\"497px\",\"height\":\"auto\",\"sizeSlug\":\"large\",\"linkDestination\":\"media\",\"align\":\"center\"} -->\n<figure class=\"wp-block-image aligncenter size-large is-resized\"><a href=\"https:\/\/anglerverein-pfreimd.de\/wordpress\/wp-content\/uploads\/2024\/08\/20240731-whatsapp-status-fischerfest-2024.jpg\"><img loading=\"lazy\" decoding=\"async\" width=\"576\" height=\"1024\" class=\"wp-image-2024\" style=\"width: 497px; height: auto;\" src=\"https:\/\/anglerverein-pfreimd.de\/wordpress\/wp-content\/uploads\/2024\/08\/20240731-whatsapp-status-fischerfest-2024-576x1024.jpg\" alt=\"\" srcset=\"https:\/\/anglerverein-pfreimd.de\/wordpress\/wp-content\/uploads\/2024\/08\/20240731-whatsapp-status-fischerfest-2024-576x1024.jpg 576w, https:\/\/anglerverein-pfreimd.de\/wordpress\/wp-content\/uploads\/2024\/08\/20240731-whatsapp-status-fischerfest-2024-169x300.jpg 169w, https:\/\/anglerverein-pfreimd.de\/wordpress\/wp-content\/uploads\/2024\/08\/20240731-whatsapp-status-fischerfest-2024-768x1365.jpg 768w, https:\/\/anglerverein-pfreimd.de\/wordpress\/wp-content\/uploads\/2024\/08\/20240731-whatsapp-status-fischerfest-2024-864x1536.jpg 864w, https:\/\/anglerverein-pfreimd.de\/wordpress\/wp-content\/uploads\/2024\/08\/20240731-whatsapp-status-fischerfest-2024.jpg 1080w\" sizes=\"auto, (max-width: 576px) 100vw, 576px\" \/><\/a><\/figure>\n<!-- \/wp:image -->\n\n<hr \/>\n\n<h3 style=\"text-align: left;\">42. Stadtmeisterschaft mit K\u00f6nigsfischen\nam 18. August 2024<\/h3>\n<p class=\"cvGsUA direction-ltr align-start para-style-body\" style=\"text-align: left;\"><span class=\"OYPEnA text-decoration-none text-strikethrough-none\">Berechtigt ist jeder Angler, der im Besitz eines g\u00fcltigen <\/span><span class=\"OYPEnA text-decoration-none text-strikethrough-none\">staatl. Fischereischeines ist.<\/span><\/p>\n\n<ul>\n \t<li style=\"text-align: left;\"><strong>Startkartenausgabe:\u00a0 <\/strong><span class=\"OYPEnA text-decoration-none text-strikethrough-none\">05:15 \u2013 05:30 Uhr am Vereinsheim in Iffelsdorf<\/span><\/li>\n \t<li style=\"text-align: left;\"><strong>Fischen: <\/strong><span class=\"OYPEnA text-decoration-none text-strikethrough-none\">06:00 Uhr \u2013 10:30 Uhr<\/span><\/li>\n \t<li style=\"text-align: left;\"><strong>Abwiegen: <\/strong><span class=\"OYPEnA text-decoration-none text-strikethrough-none\">10:45 Uhr \u2013 11:00 Uhr am Vereinsheim<\/span><\/li>\n \t<li style=\"text-align: left;\"><span class=\"OYPEnA text-decoration-none text-strikethrough-none\"><strong>Fr\u00fchschoppen:<\/strong> ab 10:00 Uhr im Vereinsheim\n<\/span><\/li>\n<\/ul>\n<p style=\"text-align: left;\">Anschlie\u00dfend Verwertung der F\u00e4nge.\nJeder F\u00e4nger ist f\u00fcr die Verwertung seines Fanges verantwortlich.<\/p>\n\n\n<hr \/>\n\n<h3 style=\"text-align: center;\">Wallerfischen vom 14. \u2013 16.06.2024<\/h3>\n<p class=\"cvGsUA direction-ltr align-start para-style-body\" style=\"text-align: center;\"><span class=\"OYPEnA text-decoration-none text-strikethrough-none\">Berechtigt ist jeder Angler, der im Besitz eines g\u00fcltigen <\/span><span class=\"OYPEnA text-decoration-none text-strikethrough-none\">Fischereischeines ist.<\/span><\/p>\n<p style=\"text-align: center;\"><strong>Startkartenausgabe:\n<\/strong><span class=\"OYPEnA text-decoration-none text-strikethrough-none\">14. Juni von 17:00 \u2013 17:30 Uhr am Vereinsheim in Iffelsdorf\n<\/span><span class=\"OYPEnA text-decoration-none text-strikethrough-none\">15. Juni von 17:00 \u2013 17:30 Uhr am Vereinsheim in Iffelsdorf<\/span><\/p>\n<p style=\"text-align: center;\"><strong>Fischen: <\/strong><span class=\"OYPEnA text-decoration-none text-strikethrough-none\">14.06. ab 19:00 Uhr bis 16.06. um 07:00 Uhr<\/span><strong>\nAbwiegen: <\/strong><span class=\"OYPEnA text-decoration-none text-strikethrough-none\">16.06. von 07:00 Uhr \u2013 08:00 Uhr am Vereinsheim\n<\/span><\/p>\n<p style=\"text-align: center;\">Die Teilnahme ist auch an nur 1 oder 2 Tagen m\u00f6glich.<\/p>\n\n\n<hr \/>\n\n<h3 style=\"text-align: center;\">Ged\u00e4chtnisfischen am 18.05.2024<\/h3>\n<p class=\"cvGsUA direction-ltr align-start para-style-body\" style=\"text-align: center;\"><span class=\"OYPEnA text-decoration-none text-strikethrough-none\">Berechtigt ist jedes Vereinsmitglied, das im Besitz eines g\u00fcltigen <\/span><span class=\"OYPEnA text-decoration-none text-strikethrough-none\">Fischereischeines ist.<\/span><\/p>\n<p style=\"text-align: center;\"><strong>Startkartenausgabe:\u00a0 <\/strong><span class=\"OYPEnA text-decoration-none text-strikethrough-none\">14:30 \u2013 14:45 Uhr am Vereinsheim in Iffelsdorf<\/span><strong>\nFischen: <\/strong><span class=\"OYPEnA text-decoration-none text-strikethrough-none\">15:00 \u2013 19:00 Uhr<\/span><strong>\nAbwiegen: <\/strong><span class=\"OYPEnA text-decoration-none text-strikethrough-none\">19:00 \u2013 19:45 Uhr am Vereinsheim in Iffelsdorf.<\/span><strong>\n<\/strong><\/p>\n<p style=\"text-align: center;\">Gem\u00fctliches Beisammensein mit Grillen.<\/p>\n\n\n<hr \/>\n\n<h3 style=\"text-align: center;\">Termin\u00fcbersicht April 2024<\/h3>\n<p style=\"text-align: center;\"><strong>Samstag, 06.04.2024 \u2013 Weiher abfischen<\/strong>\nTreffpunkt: 08:00 Uhr am Lindner Weiher<\/p>\n<p style=\"text-align: center;\"><strong>Samstag, 13.04.2024 \u2013 Weiher abfischen<\/strong>\nTreffpunkt: 08:00 Uhr am Gschrey Weiher<\/p>\n<p style=\"text-align: center;\"><strong>Samstag, 13.04.2024 \u2013 Anfischen<\/strong>\nKartenausgabe von 13:30 bis 13:45 am Vereinsheim\nDauer von 14:00 Uhr bis 17:30 Uhr\nAnschlie\u00dfend Abwiegen und Verwerten der F\u00e4nge<\/p>\n<p style=\"text-align: center;\"><strong>Freitag, 19.04.2024 \u2013 Stammtisch im Vereinsheim<\/strong>\nmit Siegerehrung (Anfischen)\nBeginn: 19:00 Uhr<\/p>\n\n\n<hr \/>\n\n<h3 style=\"text-align: center;\">Uferreinigung am 23.03.2024<\/h3>\n<p style=\"text-align: center;\">auch dieses Jahr m\u00f6chten wir unser Vereinsgew\u00e4sser f\u00fcr die neue Angelsaison s\u00e4ubern und von Unrat befreien.<\/p>\n<p style=\"text-align: center;\">Treffpunkt am <strong>Samstag, den 23.3.24, um 8:00 Uhr<\/strong> am Vereinsheim in Iffelsdorf.<\/p>\n<p style=\"text-align: center;\">Nat\u00fcrlich gibt&#8217;s im Anschluss eine Brotzeit f\u00fcr alle flei\u00dfigen Helfer.<\/p>\n\n\n<hr \/>\n\n<h3 style=\"text-align: center;\"><a href=\"https:\/\/anglerverein-pfreimd.de\/wordpress\/wp-content\/uploads\/2024\/02\/Aschermittwoch_24.jpeg\"><img loading=\"lazy\" decoding=\"async\" class=\"aligncenter wp-image-1989 size-large\" src=\"https:\/\/anglerverein-pfreimd.de\/wordpress\/wp-content\/uploads\/2024\/02\/Aschermittwoch_24-576x1024.jpeg\" alt=\"\" width=\"474\" height=\"843\" srcset=\"https:\/\/anglerverein-pfreimd.de\/wordpress\/wp-content\/uploads\/2024\/02\/Aschermittwoch_24-576x1024.jpeg 576w, https:\/\/anglerverein-pfreimd.de\/wordpress\/wp-content\/uploads\/2024\/02\/Aschermittwoch_24-169x300.jpeg 169w, https:\/\/anglerverein-pfreimd.de\/wordpress\/wp-content\/uploads\/2024\/02\/Aschermittwoch_24-768x1365.jpeg 768w, https:\/\/anglerverein-pfreimd.de\/wordpress\/wp-content\/uploads\/2024\/02\/Aschermittwoch_24-864x1536.jpeg 864w, https:\/\/anglerverein-pfreimd.de\/wordpress\/wp-content\/uploads\/2024\/02\/Aschermittwoch_24.jpeg 900w\" sizes=\"auto, (max-width: 474px) 100vw, 474px\" \/><\/a><\/h3>\n\n<hr \/>\n\n<h3 style=\"text-align: center;\">Jahreshauptversammlung\nam 27. Januar 2024<\/h3>\n<h5 style=\"text-align: center;\">im Gasthaus Herdegen in Untersteinbach.\nBeginn 19 Uhr<\/h5>\n\n<hr \/>\n\n<h3 style=\"text-align: center;\">Einladung zur 41. Stadtmeisterschaft\nmit K\u00f6nigsfischen am 6 Aug. 2023<\/h3>\nBerechtigt ist jeder Angler, der im Besitz eines g\u00fcltigen Fischereischeines ist.\n<p style=\"text-align: center;\"><strong>Startkartenausgabe von 5:00 bis 5:15 Uhr.<\/strong><\/p>\n<p style=\"text-align: center;\">Die Startkarte \/ Angelbedingungen k\u00f6nnen hier eingesehen werden:\n<a href=\"https:\/\/anglerverein-pfreimd.de\/wordpress\/wp-content\/uploads\/2023\/07\/Ausschreibung-Stadtmeisterschaft_2023.pdf\" target=\"_blank\" rel=\"noopener\">Startkarte 2023<\/a><\/p>\n\n\n<hr \/>\n\n<h3 style=\"text-align: center;\">Einladung zum\nWallerfischen vom 16 &#8211; 18 Juni 2023<\/h3>\n<u>\n<\/u>Berechtigt ist jeder Angler, der im Besitz eines g\u00fcltigen Fischereischeines ist.\n\n<strong><u>Startgeb\u00fchr:<\/u><\/strong>\u00a0\u00a0\u00a0\u00a0\u00a0\u00a0\u00a0\u00a0\u00a0\u00a0\u00a0\u00a0\u00a0\u00a0\u00a0\u00a0\u00a0\u00a0\u00a0\u00a0\u00a0 3 Tage:\nErwachsene:\u00a0\u00a0\u00a0\u00a0 15,- \u20ac\u00a0\u00a0\u00a0\u00a0 Jugendliche:\u00a0\u00a0\u00a0\u00a0\u00a0 frei,- \u20ac\n2 Tage:\nErwachsene:\u00a0\u00a0\u00a0\u00a0 10,- \u20ac\u00a0\u00a0\u00a0\u00a0 Jugendliche:\u00a0\u00a0\u00a0\u00a0\u00a0 frei,- \u20ac\n\n<strong><u>Startkartenausgabe:<\/u><\/strong>\n16.06 von 17 \u2013 17:30 Uhr am Vereinsheim.\n17.06 von 17 \u2013 17:30 Uhr am Vereinsheim.\n\n<strong><u>Dauer des Angelns:<\/u><\/strong>\n16.06 ab 19:00 Uhr bis 18.06 um 7:00 Uhr\n\n<strong><u>Abwiegen:<\/u><\/strong> Sonntag von 7:00 Uhr bis 8:00 Uhr am Vereinsheim.\n\n<strong><u>Angelbedingungen:<\/u><\/strong>\n<strong>F\u00fcr die Dauer des Fischens sind 2 Ruten auf Raubfisch erlaubt. Die Mitnahme von 1 Raubfisch (Hecht oder Zander) welcher das Schonma\u00df erreicht hat ist gestattet.<\/strong>\n\n<strong>Alle gefangenen Fische gehen in den Besitz des Anglerverein Pfreimd. <\/strong>\n\n<hr \/>\n\n<h3 style=\"text-align: center;\">Einladung zum\nGed\u00e4chtnisfischen am 01 Mai 2023<\/h3>\nTreffpunkt Vereinsheim\n\nKartenausgabe von 6:00 bis 6:15 Uhr\nFischen von\u00a0 6:30 bis 10:30 Uhr\nAbwiegen von 10:45 bis 11:15 Uhr\nanschlie\u00dfend Verarbeitung der F\u00e4nge.\n\n<hr \/>\n\n<h3 style=\"text-align: center;\">Einladung zum\nAnfischen am 15 Apr. 2023<\/h3>\nStart der fischereilichen Vereinssaison.\nTreffpunkt Vereinsheim\n\nKartenausgabe von 13:30 bis 13:45 Uhr\nAnfischen von 14:00 bis 17:30 Uhr\nAbwiegen von 18: 00 bis 18:30 Uhr\nanschlie\u00dfend Verarbeitung der F\u00e4nge.\n\n<hr \/>\n\n<h3 style=\"text-align: center;\">Uferreinigung\nam 01 Apr. 2023<\/h3>\nTreffpunkt um 8:30 Uhr\nam Vereinsheim in Iffelsdorf\n\n<hr \/>\n<p style=\"text-align: center;\"><a href=\"https:\/\/anglerverein-pfreimd.de\/wordpress\/wp-content\/uploads\/2023\/02\/Aschermittwoch23.jpg\"><img loading=\"lazy\" decoding=\"async\" class=\"aligncenter wp-image-1881 size-full\" src=\"https:\/\/anglerverein-pfreimd.de\/wordpress\/wp-content\/uploads\/2023\/02\/Aschermittwoch23.jpg\" alt=\"\" width=\"582\" height=\"826\" \/><\/a><\/p>\n\n\n<hr \/>\n\n<h4 style=\"text-align: center;\"><strong>Einladung zur Jahreshauptversammlung<\/strong><\/h4>\nDie Einladung sowie die \u00c4nderung der Satzung \u00a76 kann unter folgendem Link angesehen \/ herunter geladen werden.\n\n<a href=\"https:\/\/anglerverein-pfreimd.de\/wordpress\/wp-content\/uploads\/2023\/01\/JHV_2022.pdf\" target=\"_blank\" rel=\"noopener\">Link zur Einladung&#8230;.<\/a>\n\n<hr \/>\n\n<div class=\"entry-content\"><\/div>\n<!-- wp:separator -->\n\n<hr class=\"wp-block-separator has-alpha-channel-opacity\" \/>\n\n<!-- \/wp:separator --><!-- wp:paragraph -->\n\n<!-- \/wp:paragraph -->\n\n<!-- wp:paragraph -->\n\n<!-- \/wp:paragraph -->","protected":false},"excerpt":{"rendered":"<p>Raubfischangeln am 11. Oktober 2025 Berechtigt ist jeder Angler, der im Besitz eines g\u00fcltigen staatl. Fischereischeines ist. Startkartenausgabe: :12:00 -12:30 am Vereinsheim in Iffelsdorf Fischen:\u00a013:00 Uhr &#8211; 17:00 Uhr Abwiegen: 17:30 Uhr \u2013 18:00 Uhr am Vereinsheim Im Anschluss: Verwertung der F\u00e4nge Jeder F\u00e4nger ist f\u00fcr die Verwertung seines Fanges verantwortlich. 43. Stadtmeisterschaft mit K\u00f6nigsfischen &hellip; <a href=\"https:\/\/anglerverein-pfreimd.de\/wordpress\/\" class=\"more-link\"><span class=\"screen-reader-text\">Aktuelles<\/span> weiterlesen <span class=\"meta-nav\">&rarr;<\/span><\/a><\/p>\n","protected":false},"author":7,"featured_media":0,"parent":0,"menu_order":2,"comment_status":"closed","ping_status":"closed","template":"","meta":{"footnotes":""},"class_list":["post-18","page","type-page","status-publish","hentry"],"_links":{"self":[{"href":"https:\/\/anglerverein-pfreimd.de\/wordpress\/index.php?rest_route=\/wp\/v2\/pages\/18","targetHints":{"allow":["GET"]}}],"collection":[{"href":"https:\/\/anglerverein-pfreimd.de\/wordpress\/index.php?rest_route=\/wp\/v2\/pages"}],"about":[{"href":"https:\/\/anglerverein-pfreimd.de\/wordpress\/index.php?rest_route=\/wp\/v2\/types\/page"}],"author":[{"embeddable":true,"href":"https:\/\/anglerverein-pfreimd.de\/wordpress\/index.php?rest_route=\/wp\/v2\/users\/7"}],"replies":[{"embeddable":true,"href":"https:\/\/anglerverein-pfreimd.de\/wordpress\/index.php?rest_route=%2Fwp%2Fv2%2Fcomments&post=18"}],"version-history":[{"count":202,"href":"https:\/\/anglerverein-pfreimd.de\/wordpress\/index.php?rest_route=\/wp\/v2\/pages\/18\/revisions"}],"predecessor-version":[{"id":2109,"href":"https:\/\/anglerverein-pfreimd.de\/wordpress\/index.php?rest_route=\/wp\/v2\/pages\/18\/revisions\/2109"}],"wp:attachment":[{"href":"https:\/\/anglerverein-pfreimd.de\/wordpress\/index.php?rest_route=%2Fwp%2Fv2%2Fmedia&parent=18"}],"curies":[{"name":"wp","href":"https:\/\/api.w.org\/{rel}","templated":true}]}}