{"id":30,"date":"2014-09-08T17:40:00","date_gmt":"2014-09-08T17:40:00","guid":{"rendered":"http:\/\/anglerverein-pfreimd.de\/wordpress\/?page_id=30"},"modified":"2024-01-29T18:56:27","modified_gmt":"2024-01-29T17:56:27","slug":"die-vorstandschaft","status":"publish","type":"page","link":"https:\/\/anglerverein-pfreimd.de\/wordpress\/?page_id=30","title":{"rendered":"Vorstandschaft"},"content":{"rendered":"<h4 style=\"text-align: center;\">Die Vorstandschaft ab 2024<\/h4>\n\n\n<figure class=\"wp-block-table\"><table><tbody><tr><td>1. Vorstand<\/td><td>J\u00f6rg Irlbacher<\/td><\/tr><tr><td>2. Vorstand<\/td><td>Peter Kainz<\/td><\/tr><tr><td>1. Kassier<\/td><td>Sascha Schlenk<\/td><\/tr><tr><td>2. Kassier<\/td><td>Marco Irlbacher<\/td><\/tr><tr><td>1. Schriftf\u00fchrer<\/td><td>Michael H\u00f6sl<\/td><\/tr><tr><td>2. Schriftf\u00fchrer<\/td><td>Max Stubenvoll<\/td><\/tr><tr><td>1. Jugendleiter<\/td><td>Stephan Haubner<\/td><\/tr><tr><td>2. Jugendleiter<\/td><td>Markus Pamler<\/td><\/tr><tr><td>1. Gew\u00e4sserwart<\/td><td>Matthias Bl\u00f6dt<\/td><\/tr><tr><td>2. Gew\u00e4sserwart<\/td><td>Josef Butz<\/td><\/tr><tr><td>Ger\u00e4tewart<\/td><td>Christoph Hilburger<\/td><\/tr><tr><td>5 Beisitzer<\/td><td>Thomas Ibler<br>Martin Haider<br>Roland Luft<br>Gabriel Obendorfer<br>Alwin Adamietz<\/td><\/tr><\/tbody><\/table><\/figure>\n","protected":false},"excerpt":{"rendered":"<p>Die Vorstandschaft ab 2024 1. Vorstand J\u00f6rg Irlbacher 2. Vorstand Peter Kainz 1. Kassier Sascha Schlenk 2. Kassier Marco Irlbacher 1. Schriftf\u00fchrer Michael H\u00f6sl 2. Schriftf\u00fchrer Max Stubenvoll 1. Jugendleiter Stephan Haubner 2. Jugendleiter Markus Pamler 1. Gew\u00e4sserwart Matthias Bl\u00f6dt 2. Gew\u00e4sserwart Josef Butz Ger\u00e4tewart Christoph Hilburger 5 Beisitzer Thomas IblerMartin HaiderRoland LuftGabriel ObendorferAlwin Adamietz<\/p>\n","protected":false},"author":7,"featured_media":0,"parent":38,"menu_order":1,"comment_status":"closed","ping_status":"closed","template":"","meta":{"footnotes":""},"class_list":["post-30","page","type-page","status-publish","hentry"],"_links":{"self":[{"href":"https:\/\/anglerverein-pfreimd.de\/wordpress\/index.php?rest_route=\/wp\/v2\/pages\/30","targetHints":{"allow":["GET"]}}],"collection":[{"href":"https:\/\/anglerverein-pfreimd.de\/wordpress\/index.php?rest_route=\/wp\/v2\/pages"}],"about":[{"href":"https:\/\/anglerverein-pfreimd.de\/wordpress\/index.php?rest_route=\/wp\/v2\/types\/page"}],"author":[{"embeddable":true,"href":"https:\/\/anglerverein-pfreimd.de\/wordpress\/index.php?rest_route=\/wp\/v2\/users\/7"}],"replies":[{"embeddable":true,"href":"https:\/\/anglerverein-pfreimd.de\/wordpress\/index.php?rest_route=%2Fwp%2Fv2%2Fcomments&post=30"}],"version-history":[{"count":13,"href":"https:\/\/anglerverein-pfreimd.de\/wordpress\/index.php?rest_route=\/wp\/v2\/pages\/30\/revisions"}],"predecessor-version":[{"id":1987,"href":"https:\/\/anglerverein-pfreimd.de\/wordpress\/index.php?rest_route=\/wp\/v2\/pages\/30\/revisions\/1987"}],"up":[{"embeddable":true,"href":"https:\/\/anglerverein-pfreimd.de\/wordpress\/index.php?rest_route=\/wp\/v2\/pages\/38"}],"wp:attachment":[{"href":"https:\/\/anglerverein-pfreimd.de\/wordpress\/index.php?rest_route=%2Fwp%2Fv2%2Fmedia&parent=30"}],"curies":[{"name":"wp","href":"https:\/\/api.w.org\/{rel}","templated":true}]}}