{"id":52,"date":"2014-09-08T18:40:00","date_gmt":"2014-09-08T18:40:00","guid":{"rendered":"http:\/\/anglerverein-pfreimd.de\/wordpress\/?page_id=52"},"modified":"2026-02-12T21:30:18","modified_gmt":"2026-02-12T20:30:18","slug":"erlaubnisscheine","status":"publish","type":"page","link":"https:\/\/anglerverein-pfreimd.de\/wordpress\/?page_id=52","title":{"rendered":"Erlaubnisscheine \/ Beitr\u00e4ge"},"content":{"rendered":"<h3>Ausgabestellen f\u00fcr Erlaubnisscheine:<\/h3>\n<p>Tankstelle Hochleitner<br \/>\n<em>( Tages- und Wochenkarten )<\/em><br \/>\n<em>Petri Heil Wernberg &#8211; K\u00f6blitz<br \/>\n( Tages- und Wochenkarten)<\/em><br \/>\nOutdoor und Anglerlader`l Ibler<br \/>\n<em>( Tages- und Wochenkarten)<br \/>\n(Jahreskarten, Jahreskarten auf 30 Tage beschr\u00e4nkt nur f\u00fcr Mitglieder )<\/em><br \/>\nDie aktuellen Preise und Beitr\u00e4ge f\u00fcr das Jahr <strong>2025<\/strong>:<\/p>\n<table style=\"width: 100%; height: 100%;\" border=\"0\" cellspacing=\"0\" cellpadding=\"0\" align=\"center\">\n<tbody>\n<tr>\n<td width=\"50%\"><strong>Karte:<\/strong><\/td>\n<td style=\"text-align: center;\" width=\"25%\"><\/td>\n<td style=\"text-align: center;\" width=\"25%\"><strong>2025<\/strong><\/td>\n<\/tr>\n<tr>\n<td width=\"330\"><\/td>\n<td width=\"75\">Mitglieder<\/td>\n<td width=\"75\">Nichtmitglieder<\/td>\n<\/tr>\n<tr>\n<td width=\"330\">Tageskarte<\/td>\n<td style=\"text-align: right;\" width=\"75\">15,00 \u20ac<\/td>\n<td style=\"text-align: right;\" width=\"75\">17,50 \u20ac<\/td>\n<\/tr>\n<tr>\n<td width=\"330\">3 &#8211; Tageskarte (zusammenh\u00e4ngend)<\/td>\n<td style=\"text-align: right;\" width=\"75\">40,00 \u20ac<\/td>\n<td style=\"text-align: right;\" width=\"75\">40,00 \u20ac<\/td>\n<\/tr>\n<tr>\n<td width=\"330\">Wochenkarte (<em>zusammenh\u00e4ngend<\/em>)<\/td>\n<td style=\"text-align: right;\" width=\"75\">60,00 \u20ac<\/td>\n<td style=\"text-align: right;\" width=\"75\">60,00 \u20ac<\/td>\n<\/tr>\n<tr>\n<td width=\"330\"><\/td>\n<td style=\"text-align: right;\" width=\"75\"><\/td>\n<td style=\"text-align: right;\" width=\"75\"><\/td>\n<\/tr>\n<tr>\n<td width=\"330\"><strong>Nur f\u00fcr Vereinsmitglieder:<\/strong><\/td>\n<td width=\"75\"><\/td>\n<td width=\"75\"><\/td>\n<\/tr>\n<tr>\n<td width=\"330\">Jahreskarte<\/td>\n<td style=\"text-align: right;\" width=\"75\"><\/td>\n<td style=\"text-align: right;\" width=\"75\">180,00 \u20ac<\/td>\n<\/tr>\n<tr>\n<td width=\"330\">Jahreskarte <em>(auf 30 Tage beschr\u00e4nkt)<\/em><\/td>\n<td style=\"text-align: right;\" width=\"75\"><\/td>\n<td style=\"text-align: right;\" width=\"75\">120,00 \u20ac<\/td>\n<\/tr>\n<tr>\n<td style=\"text-align: center;\" width=\"330\"><em> &#8211; bei Erwerb einer zweiten Karte<\/em><\/td>\n<td style=\"text-align: right;\" width=\"75\"><\/td>\n<td style=\"text-align: right;\" width=\"75\">60,00 \u20ac<\/td>\n<\/tr>\n<tr>\n<td width=\"330\"><strong>Mitglieder unter 18 Jahren und \u00fcber 65 Jahren<br \/>\nsowie\u00a0 Mitglieder mit einem nachweisbaren GdB von min. 50%:<\/strong><\/td>\n<td width=\"75\"><\/td>\n<td width=\"75\"><\/td>\n<\/tr>\n<tr>\n<td width=\"330\">Jahreskarte<\/td>\n<td style=\"text-align: right;\" width=\"75\"><\/td>\n<td style=\"text-align: right;\" width=\"75\">120,00 \u20ac<\/td>\n<\/tr>\n<tr>\n<td width=\"330\">Jahreskarte <em>(auf 30 Tage beschr\u00e4nkt)<\/em><\/td>\n<td style=\"text-align: right;\" width=\"75\"><\/td>\n<td style=\"text-align: right;\" width=\"75\">80,00 \u20ac<\/td>\n<\/tr>\n<tr>\n<td width=\"330\"><\/td>\n<td style=\"text-align: right;\" width=\"75\"><\/td>\n<td width=\"75\"><\/td>\n<\/tr>\n<tr>\n<td width=\"330\"><strong>Beitr\u00e4ge:<\/strong><\/td>\n<td style=\"text-align: right;\" width=\"75\"><\/td>\n<td width=\"75\"><\/td>\n<\/tr>\n<tr>\n<td width=\"330\">Jugendliche, Frauen und passive Mitglieder<\/td>\n<td style=\"text-align: right;\" width=\"75\"><\/td>\n<td style=\"text-align: center;\" width=\"75\">16,00 \u20ac<\/td>\n<\/tr>\n<tr>\n<td width=\"330\">M\u00e4nner<\/td>\n<td style=\"text-align: right;\" width=\"75\"><\/td>\n<td style=\"text-align: center;\" width=\"75\">32,00 \u20ac<\/td>\n<\/tr>\n<tr>\n<td width=\"330\"><\/td>\n<td width=\"75\"><\/td>\n<td width=\"75\"><\/td>\n<\/tr>\n<tr>\n<td width=\"330\"><strong>Aufnahmegeb\u00fchr<\/strong> (<em>einmalig)<\/em><\/td>\n<td width=\"75\"><\/td>\n<td width=\"75\"><\/td>\n<\/tr>\n<tr>\n<td width=\"330\">ab dem 18. Lebensjahr<\/td>\n<td style=\"text-align: right;\" width=\"75\"><\/td>\n<td style=\"text-align: center;\" width=\"75\">100,00 \u20ac<\/td>\n<\/tr>\n<tr>\n<td width=\"330\"><\/td>\n<td width=\"75\"><\/td>\n<td width=\"75\"><\/td>\n<\/tr>\n<tr>\n<td width=\"330\"><\/td>\n<td style=\"text-align: right;\" width=\"75\"><\/td>\n<td width=\"75\"><\/td>\n<\/tr>\n<\/tbody>\n<\/table>\n<p><strong><span class=\"fontstyle0\">Pflichtarbeitseins\u00e4tze:<\/span><\/strong><\/p>\n<p><span class=\"fontstyle0\">Zuk\u00fcnftig ben\u00f6tigt jedes <strong>Mitglied*<\/strong> zum Erwerb einer Jahres- oder 30-Tageskarte nach dem Beschluss des Ausschusses vom 13.12.2022, einen Pflichtarbeitseinsatz. <\/span><span class=\"fontstyle0\">Diese Erhebung soll den Anreiz f\u00fcr die Mitglieder erh\u00f6hen, sich aktiv an Arbeitseins\u00e4tzen wie z.B. Weiher abfischen, B\u00fcrgerfest, Fischerfest usw. zu beteiligen.<br \/>\n<\/span><span class=\"fontstyle0\">1 Pflichtarbeitseinsatz besteht aus einer T\u00e4tigkeit f\u00fcr den Anglerverein die mind. der Dauer einer Schicht am Aschermittwoch, B\u00fcrgerfest oder Fischerfest andauert.<br \/>\n<\/span><span class=\"fontstyle0\">0,5 Pflichtarbeitseins\u00e4tze sind T\u00e4tigkeiten f\u00fcr den Anglerverein mit geringerer Dauer wie z.B. Fische schlachten, M\u00e4harbeiten, Abfischen der Vereinsweiher, Auf- und Abbauschichten der jeweiligen Festaktivit\u00e4ten.<\/span><\/p>\n<p><span class=\"fontstyle0\">Die Dokumentation der geleisteten Eins\u00e4tze erfolgt ab 2024 \u00fcber eine Stempelkarte in der Angelkarte sowie Auflistung des jeweiligen Einsatzleiters.\u00a0<\/span><\/p>\n<p><strong>*Ausnahmen:<\/strong> Sch\u00fcler, Rentner ab 65 Jahren sowie Vereinsmitglieder mit einem GdB ab 50%.<\/p>\n<hr \/>\n<p>Durch zus\u00e4tzliche Leistung von Arbeitseins\u00e4tzen kann die <strong>Jahreskarte<\/strong> sowie die <strong>Jahreskarte auf 30 Tage beschr\u00e4nkt<\/strong> verg\u00fcnstigt erlangt werden.<\/p>\n<p>Dabei werden pro Arbeitseinsatz 10,00 \u20ac gutgeschrieben.<br \/>\nDer Arbeitsleistende muss mindesten 2 Arbeitseins\u00e4tze (20,00 \u20ac) erbringen um eine Verg\u00fcnstigung zu erlangen. Kann aber maximal 40,00 \u20ac Verg\u00fcnstigung erlangen.<br \/>\nEin Arbeitseinsatz f\u00e4llt zum Wohle des Vereins.<\/p>\n<p>Eine doppelte Verrechnung von Verg\u00fcnstigungen ( z. B. GdB ab 50% und Arbeitseins\u00e4tzen oder Vorstandschaft \/ Arbeitseinsatz und Fischereiaufseher) ist nicht vorgesehen. Diese fallen ebenfalls dem Wohle des Vereins zugute.<\/p>\n<hr \/>\n<h2 style=\"text-align: center;\"><\/h2>\n","protected":false},"excerpt":{"rendered":"<p>Ausgabestellen f\u00fcr Erlaubnisscheine: Tankstelle Hochleitner ( Tages- und Wochenkarten ) Petri Heil Wernberg &#8211; K\u00f6blitz ( Tages- und Wochenkarten) Outdoor und Anglerlader`l Ibler ( Tages- und Wochenkarten) (Jahreskarten, Jahreskarten auf 30 Tage beschr\u00e4nkt nur f\u00fcr Mitglieder ) Die aktuellen Preise und Beitr\u00e4ge f\u00fcr das Jahr 2025: Karte: 2025 Mitglieder Nichtmitglieder Tageskarte 15,00 \u20ac 17,50 \u20ac &hellip; <a href=\"https:\/\/anglerverein-pfreimd.de\/wordpress\/?page_id=52\" class=\"more-link\"><span class=\"screen-reader-text\">Erlaubnisscheine \/ Beitr\u00e4ge<\/span> weiterlesen <span class=\"meta-nav\">&rarr;<\/span><\/a><\/p>\n","protected":false},"author":7,"featured_media":0,"parent":38,"menu_order":2,"comment_status":"closed","ping_status":"closed","template":"","meta":{"footnotes":""},"class_list":["post-52","page","type-page","status-publish","hentry"],"_links":{"self":[{"href":"https:\/\/anglerverein-pfreimd.de\/wordpress\/index.php?rest_route=\/wp\/v2\/pages\/52","targetHints":{"allow":["GET"]}}],"collection":[{"href":"https:\/\/anglerverein-pfreimd.de\/wordpress\/index.php?rest_route=\/wp\/v2\/pages"}],"about":[{"href":"https:\/\/anglerverein-pfreimd.de\/wordpress\/index.php?rest_route=\/wp\/v2\/types\/page"}],"author":[{"embeddable":true,"href":"https:\/\/anglerverein-pfreimd.de\/wordpress\/index.php?rest_route=\/wp\/v2\/users\/7"}],"replies":[{"embeddable":true,"href":"https:\/\/anglerverein-pfreimd.de\/wordpress\/index.php?rest_route=%2Fwp%2Fv2%2Fcomments&post=52"}],"version-history":[{"count":40,"href":"https:\/\/anglerverein-pfreimd.de\/wordpress\/index.php?rest_route=\/wp\/v2\/pages\/52\/revisions"}],"predecessor-version":[{"id":2117,"href":"https:\/\/anglerverein-pfreimd.de\/wordpress\/index.php?rest_route=\/wp\/v2\/pages\/52\/revisions\/2117"}],"up":[{"embeddable":true,"href":"https:\/\/anglerverein-pfreimd.de\/wordpress\/index.php?rest_route=\/wp\/v2\/pages\/38"}],"wp:attachment":[{"href":"https:\/\/anglerverein-pfreimd.de\/wordpress\/index.php?rest_route=%2Fwp%2Fv2%2Fmedia&parent=52"}],"curies":[{"name":"wp","href":"https:\/\/api.w.org\/{rel}","templated":true}]}}