{"id":615,"date":"2015-04-08T20:22:42","date_gmt":"2015-04-08T18:22:42","guid":{"rendered":"http:\/\/anglerverein-pfreimd.de\/wordpress\/?page_id=615"},"modified":"2023-10-13T15:11:53","modified_gmt":"2023-10-13T13:11:53","slug":"vereinsshop","status":"publish","type":"page","link":"https:\/\/anglerverein-pfreimd.de\/wordpress\/?page_id=615","title":{"rendered":"Vereinsshop"},"content":{"rendered":"\n<h6 class=\"wp-block-heading\"><\/h6>\n\n\n\n<figure class=\"wp-block-table\"><table><tbody><tr><th class=\"has-text-align-center\" data-align=\"center\">Verf\u00fcgbare Gr\u00f6\u00dfen<\/th><\/tr><tr><th class=\"has-text-align-center\" data-align=\"center\">Damen- und Herren:<\/th><\/tr><tr><td class=\"has-text-align-center\" data-align=\"center\">XS, S, M, L, XL, XXL, XXXL<\/td><\/tr><tr><th class=\"has-text-align-center\" data-align=\"center\">Kinder:<\/th><\/tr><tr><td class=\"has-text-align-center\" data-align=\"center\">92, 104, 116, 128, 140, 152, 164<\/td><\/tr><tr><td class=\"has-text-align-center\" data-align=\"center\"><strong>Sondergr\u00f6\u00dfen auf Anfrage bestellbar.<\/strong><\/td><\/tr><\/tbody><\/table><\/figure>\n\n\n\n<h6 class=\"wp-block-heading\"><span style=\"color: #008000;\">T &#8211; Shirt f\u00fcr 16,- \u20ac<\/span><\/h6>\n\n\n\n<p class=\"has-text-align-left\">O-Ausschnitt,<br>100% Baumwolle&nbsp; ca. 210g\/m\u00b2 mit Antipilling<\/p>\n\n\n<div class=\"wp-block-image\">\n<figure class=\"alignleft\"><a href=\"https:\/\/anglerverein-pfreimd.de\/wordpress\/wp-content\/uploads\/2023\/02\/Shirt_v-scaled-e1677166609767.jpg\" target=\"_blank\" rel=\"noopener\"><img decoding=\"async\" src=\"https:\/\/anglerverein-pfreimd.de\/wordpress\/wp-content\/uploads\/2023\/02\/Shirt_v-200x300.jpg\" alt=\"\" class=\"wp-image-1911\"\/><\/a><\/figure>\n<\/div>\n\n<div class=\"wp-block-image\">\n<figure class=\"alignright\"><a href=\"https:\/\/anglerverein-pfreimd.de\/wordpress\/wp-content\/uploads\/2023\/02\/Shirt_h-scaled.jpg\"><img decoding=\"async\" src=\"https:\/\/anglerverein-pfreimd.de\/wordpress\/wp-content\/uploads\/2023\/02\/Shirt_h-200x300.jpg\" alt=\"\" class=\"wp-image-1912\"\/><\/a><\/figure>\n<\/div>\n\n\n<h5 class=\"wp-block-heading\"><span style=\"color: #008000;\">Polo &#8211; Shirt f\u00fcr 21,- \u20ac<\/span><\/h5>\n\n\n\n<p>Piqu\u00e9<br>100% Baumwolle ca. 210g\/m\u00b2 mit Antipilling<\/p>\n\n\n<div class=\"wp-block-image\">\n<figure class=\"alignleft\"><a href=\"https:\/\/anglerverein-pfreimd.de\/wordpress\/wp-content\/uploads\/2023\/02\/Polo_v-scaled.jpg\"><img decoding=\"async\" src=\"https:\/\/anglerverein-pfreimd.de\/wordpress\/wp-content\/uploads\/2023\/02\/Polo_v-200x300.jpg\" alt=\"\" class=\"wp-image-1915\"\/><\/a><\/figure>\n<\/div>\n\n<div class=\"wp-block-image\">\n<figure class=\"alignright\"><a href=\"https:\/\/anglerverein-pfreimd.de\/wordpress\/wp-content\/uploads\/2023\/02\/Polo_h-scaled.jpg\"><img decoding=\"async\" src=\"https:\/\/anglerverein-pfreimd.de\/wordpress\/wp-content\/uploads\/2023\/02\/Polo_h-200x300.jpg\" alt=\"\" class=\"wp-image-1916\"\/><\/a><\/figure>\n<\/div>\n\n\n<h5 class=\"wp-block-heading\"><span style=\"color: #008000;\">Softshell Jacke f\u00fcr 54,- \u20ac<\/span><\/h5>\n\n\n\n<p>92% Polyester, 8% Elastan ca. 330g\/m\u00b2 Wassers\u00e4ule bis 20000 mm<br>Atmungsaktiv.<\/p>\n\n\n<div class=\"wp-block-image\">\n<figure class=\"alignright\"><a href=\"https:\/\/anglerverein-pfreimd.de\/wordpress\/wp-content\/uploads\/2023\/02\/Soft_h-scaled.jpg\"><img decoding=\"async\" src=\"https:\/\/anglerverein-pfreimd.de\/wordpress\/wp-content\/uploads\/2023\/02\/Soft_h-200x300.jpg\" alt=\"\" class=\"wp-image-1920\"\/><\/a><\/figure>\n<\/div>\n\n<div class=\"wp-block-image\">\n<figure class=\"alignleft\"><a href=\"https:\/\/anglerverein-pfreimd.de\/wordpress\/wp-content\/uploads\/2023\/02\/Soft_v-scaled.jpg\"><img decoding=\"async\" src=\"https:\/\/anglerverein-pfreimd.de\/wordpress\/wp-content\/uploads\/2023\/02\/Soft_v-200x300.jpg\" alt=\"\" class=\"wp-image-1919\"\/><\/a><\/figure>\n<\/div>\n\n\n<p><\/p>\n\n\n\n<p><\/p>\n\n\n\n<p><\/p>\n\n\n\n<h5 class=\"wp-block-heading\"><strong>Ebenfalls m\u00f6glich: <\/strong><\/h5>\n\n\n\n<h5 class=\"wp-block-heading\"><span style=\"color: #008000;\">Fleece Jacke f\u00fcr  30,- \u20ac<\/span>\u00a0<\/h5>\n\n\n\n<p>100% PES, ca. 300g\/m\u00b2<\/p>\n\n\n\n<p class=\"has-text-align-center\"><strong>Erh\u00e4ltlich nach Absprache mit der Vorstandschaft.<\/strong><\/p>\n","protected":false},"excerpt":{"rendered":"<p>Verf\u00fcgbare Gr\u00f6\u00dfen Damen- und Herren: XS, S, M, L, XL, XXL, XXXL Kinder: 92, 104, 116, 128, 140, 152, 164 Sondergr\u00f6\u00dfen auf Anfrage bestellbar. T &#8211; Shirt f\u00fcr 16,- \u20ac O-Ausschnitt,100% Baumwolle&nbsp; ca. 210g\/m\u00b2 mit Antipilling Polo &#8211; Shirt f\u00fcr 21,- \u20ac Piqu\u00e9100% Baumwolle ca. 210g\/m\u00b2 mit Antipilling Softshell Jacke f\u00fcr 54,- \u20ac 92% Polyester, &hellip; <a href=\"https:\/\/anglerverein-pfreimd.de\/wordpress\/?page_id=615\" class=\"more-link\"><span class=\"screen-reader-text\">Vereinsshop<\/span> weiterlesen <span class=\"meta-nav\">&rarr;<\/span><\/a><\/p>\n","protected":false},"author":7,"featured_media":0,"parent":38,"menu_order":0,"comment_status":"closed","ping_status":"closed","template":"","meta":{"footnotes":""},"class_list":["post-615","page","type-page","status-publish","hentry"],"_links":{"self":[{"href":"https:\/\/anglerverein-pfreimd.de\/wordpress\/index.php?rest_route=\/wp\/v2\/pages\/615","targetHints":{"allow":["GET"]}}],"collection":[{"href":"https:\/\/anglerverein-pfreimd.de\/wordpress\/index.php?rest_route=\/wp\/v2\/pages"}],"about":[{"href":"https:\/\/anglerverein-pfreimd.de\/wordpress\/index.php?rest_route=\/wp\/v2\/types\/page"}],"author":[{"embeddable":true,"href":"https:\/\/anglerverein-pfreimd.de\/wordpress\/index.php?rest_route=\/wp\/v2\/users\/7"}],"replies":[{"embeddable":true,"href":"https:\/\/anglerverein-pfreimd.de\/wordpress\/index.php?rest_route=%2Fwp%2Fv2%2Fcomments&post=615"}],"version-history":[{"count":29,"href":"https:\/\/anglerverein-pfreimd.de\/wordpress\/index.php?rest_route=\/wp\/v2\/pages\/615\/revisions"}],"predecessor-version":[{"id":1975,"href":"https:\/\/anglerverein-pfreimd.de\/wordpress\/index.php?rest_route=\/wp\/v2\/pages\/615\/revisions\/1975"}],"up":[{"embeddable":true,"href":"https:\/\/anglerverein-pfreimd.de\/wordpress\/index.php?rest_route=\/wp\/v2\/pages\/38"}],"wp:attachment":[{"href":"https:\/\/anglerverein-pfreimd.de\/wordpress\/index.php?rest_route=%2Fwp%2Fv2%2Fmedia&parent=615"}],"curies":[{"name":"wp","href":"https:\/\/api.w.org\/{rel}","templated":true}]}}